{"id":514,"date":"2025-07-24T16:57:24","date_gmt":"2025-07-24T16:57:24","guid":{"rendered":"https:\/\/gataderaza.com\/?page_id=514"},"modified":"2025-11-03T18:12:12","modified_gmt":"2025-11-03T16:12:12","slug":"inicio-2","status":"publish","type":"page","link":"https:\/\/gataderaza.com\/en\/","title":{"rendered":"Home"},"content":{"rendered":"<div data-elementor-type=\"wp-page\" data-elementor-id=\"514\" class=\"elementor elementor-514\" data-elementor-post-type=\"page\">\n\t\t\t\t<div class=\"elementor-element elementor-element-1a63f05 elementor-hidden-tablet elementor-hidden-mobile e-flex e-con-boxed e-con e-parent\" data-id=\"1a63f05\" data-element_type=\"container\" data-settings=\"{&quot;background_background&quot;:&quot;classic&quot;}\">\n\t\t\t\t\t<div class=\"e-con-inner\">\n\t\t\t\t<div class=\"elementor-element elementor-element-d2cbf8c elementor-widget elementor-widget-heading\" data-id=\"d2cbf8c\" data-element_type=\"widget\" data-widget_type=\"heading.default\">\n\t\t\t\t\t<h2 class=\"elementor-heading-title elementor-size-default\">I am<br>Gata<\/h2>\t\t\t\t<\/div>\n\t\t\t\t<div class=\"elementor-element elementor-element-27f4a39 text-center color-scheme-inherit elementor-widget elementor-widget-text-editor\" data-id=\"27f4a39\" data-element_type=\"widget\" data-widget_type=\"text-editor.default\">\n\t\t\t\t\t\t\t\t\t<p class=\"translation-block\">Here, those who understand the<br>beauty of the select,<br>will find their mirror.<\/p>\t\t\t\t\t\t\t\t<\/div>\n\t\t\t\t<div class=\"elementor-element elementor-element-fa2e674 elementor-align-left elementor-widget elementor-widget-button\" data-id=\"fa2e674\" data-element_type=\"widget\" data-widget_type=\"button.default\">\n\t\t\t\t\t\t\t\t\t\t<a class=\"elementor-button elementor-button-link elementor-size-sm\" href=\"https:\/\/gataderaza.com\/en\/product\/gata-de-raza-syrah-100\/\">\n\t\t\t\t\t\t<span class=\"elementor-button-content-wrapper\">\n\t\t\t\t\t\t\t\t\t<span class=\"elementor-button-text\">Buy<\/span>\n\t\t\t\t\t<\/span>\n\t\t\t\t\t<\/a>\n\t\t\t\t\t\t\t\t<\/div>\n\t\t\t\t\t<\/div>\n\t\t\t\t<\/div>\n\t\t<div class=\"elementor-element elementor-element-6336712 elementor-hidden-desktop e-flex e-con-boxed e-con e-parent\" data-id=\"6336712\" data-element_type=\"container\" data-settings=\"{&quot;background_background&quot;:&quot;classic&quot;}\">\n\t\t\t\t\t<div class=\"e-con-inner\">\n\t\t\t\t<div class=\"elementor-element elementor-element-a0d266d elementor-widget elementor-widget-heading\" data-id=\"a0d266d\" data-element_type=\"widget\" data-widget_type=\"heading.default\">\n\t\t\t\t\t<h2 class=\"elementor-heading-title elementor-size-default\">I am<br>Gata<\/h2>\t\t\t\t<\/div>\n\t\t\t\t<div class=\"elementor-element elementor-element-e8a46af text-center color-scheme-inherit elementor-widget elementor-widget-text-editor\" data-id=\"e8a46af\" data-element_type=\"widget\" data-widget_type=\"text-editor.default\">\n\t\t\t\t\t\t\t\t\t<p class=\"translation-block\">Here, those who understand the<br>beauty of the select,<br>will find their mirror.<\/p>\t\t\t\t\t\t\t\t<\/div>\n\t\t\t\t<div class=\"elementor-element elementor-element-12474df elementor-widget elementor-widget-button\" data-id=\"12474df\" data-element_type=\"widget\" data-widget_type=\"button.default\">\n\t\t\t\t\t\t\t\t\t\t<a class=\"elementor-button elementor-button-link elementor-size-sm\" href=\"https:\/\/gataderaza.com\/en\/product\/gata-de-raza-syrah-100\/\">\n\t\t\t\t\t\t<span class=\"elementor-button-content-wrapper\">\n\t\t\t\t\t\t\t\t\t<span class=\"elementor-button-text\">Buy<\/span>\n\t\t\t\t\t<\/span>\n\t\t\t\t\t<\/a>\n\t\t\t\t\t\t\t\t<\/div>\n\t\t\t\t\t<\/div>\n\t\t\t\t<\/div>\n\t\t<div class=\"elementor-element elementor-element-ef1698e e-flex e-con-boxed e-con e-parent\" data-id=\"ef1698e\" data-element_type=\"container\">\n\t\t\t\t\t<div class=\"e-con-inner\">\n\t\t<div class=\"elementor-element elementor-element-e3761c1 e-con-full e-flex e-con e-child\" data-id=\"e3761c1\" data-element_type=\"container\">\n\t\t\t\t<div class=\"elementor-element elementor-element-fa47072 elementor-widget elementor-widget-image\" data-id=\"fa47072\" data-element_type=\"widget\" data-widget_type=\"image.default\">\n\t\t\t\t\t\t\t\t\t\t\t\t\t\t\t<img decoding=\"async\" width=\"1393\" height=\"418\" data-src=\"https:\/\/gataderaza.com\/wp-content\/uploads\/2025\/08\/Producto-Vegano-100.png\" class=\"attachment-full size-full wp-image-1147 lazyload\" alt=\"\" data-srcset=\"https:\/\/gataderaza.com\/wp-content\/uploads\/2025\/08\/Producto-Vegano-100.png 1393w, https:\/\/gataderaza.com\/wp-content\/uploads\/2025\/08\/Producto-Vegano-100-300x90.png 300w, https:\/\/gataderaza.com\/wp-content\/uploads\/2025\/08\/Producto-Vegano-100-1024x307.png 1024w, https:\/\/gataderaza.com\/wp-content\/uploads\/2025\/08\/Producto-Vegano-100-768x230.png 768w, https:\/\/gataderaza.com\/wp-content\/uploads\/2025\/08\/Producto-Vegano-100-600x180.png 600w, https:\/\/gataderaza.com\/wp-content\/uploads\/2025\/08\/Producto-Vegano-100-150x45.png 150w\" data-sizes=\"(max-width: 1393px) 100vw, 1393px\" src=\"data:image\/svg+xml;base64,PHN2ZyB3aWR0aD0iMSIgaGVpZ2h0PSIxIiB4bWxucz0iaHR0cDovL3d3dy53My5vcmcvMjAwMC9zdmciPjwvc3ZnPg==\" style=\"--smush-placeholder-width: 1393px; --smush-placeholder-aspect-ratio: 1393\/418;\" \/>\t\t\t\t\t\t\t\t\t\t\t\t\t\t\t<\/div>\n\t\t\t\t<\/div>\n\t\t<div class=\"elementor-element elementor-element-c84a03a e-con-full e-flex e-con e-child\" data-id=\"c84a03a\" data-element_type=\"container\">\n\t\t\t\t<div class=\"elementor-element elementor-element-1812a84 elementor-widget elementor-widget-image\" data-id=\"1812a84\" data-element_type=\"widget\" data-widget_type=\"image.default\">\n\t\t\t\t\t\t\t\t\t\t\t\t\t\t\t<img decoding=\"async\" width=\"681\" height=\"557\" data-src=\"https:\/\/gataderaza.com\/wp-content\/uploads\/2025\/08\/Vino-Tierra-de-Castilla.png\" class=\"attachment-full size-full wp-image-1148 lazyload\" alt=\"\" data-srcset=\"https:\/\/gataderaza.com\/wp-content\/uploads\/2025\/08\/Vino-Tierra-de-Castilla.png 681w, https:\/\/gataderaza.com\/wp-content\/uploads\/2025\/08\/Vino-Tierra-de-Castilla-300x245.png 300w, https:\/\/gataderaza.com\/wp-content\/uploads\/2025\/08\/Vino-Tierra-de-Castilla-600x491.png 600w, https:\/\/gataderaza.com\/wp-content\/uploads\/2025\/08\/Vino-Tierra-de-Castilla-150x123.png 150w\" data-sizes=\"(max-width: 681px) 100vw, 681px\" src=\"data:image\/svg+xml;base64,PHN2ZyB3aWR0aD0iMSIgaGVpZ2h0PSIxIiB4bWxucz0iaHR0cDovL3d3dy53My5vcmcvMjAwMC9zdmciPjwvc3ZnPg==\" style=\"--smush-placeholder-width: 681px; --smush-placeholder-aspect-ratio: 681\/557;\" \/>\t\t\t\t\t\t\t\t\t\t\t\t\t\t\t<\/div>\n\t\t\t\t<\/div>\n\t\t<div class=\"elementor-element elementor-element-e9097da e-con-full e-flex e-con e-child\" data-id=\"e9097da\" data-element_type=\"container\">\n\t\t\t\t<div class=\"elementor-element elementor-element-6b72d01 elementor-widget elementor-widget-image\" data-id=\"6b72d01\" data-element_type=\"widget\" data-widget_type=\"image.default\">\n\t\t\t\t\t\t\t\t\t\t\t\t\t\t\t<img decoding=\"async\" width=\"2040\" height=\"579\" data-src=\"https:\/\/gataderaza.com\/wp-content\/uploads\/2025\/08\/Producto-100-Espanol.png\" class=\"attachment-full size-full wp-image-1149 lazyload\" alt=\"\" data-srcset=\"https:\/\/gataderaza.com\/wp-content\/uploads\/2025\/08\/Producto-100-Espanol.png 2040w, https:\/\/gataderaza.com\/wp-content\/uploads\/2025\/08\/Producto-100-Espanol-300x85.png 300w, https:\/\/gataderaza.com\/wp-content\/uploads\/2025\/08\/Producto-100-Espanol-1024x291.png 1024w, https:\/\/gataderaza.com\/wp-content\/uploads\/2025\/08\/Producto-100-Espanol-768x218.png 768w, https:\/\/gataderaza.com\/wp-content\/uploads\/2025\/08\/Producto-100-Espanol-1536x436.png 1536w, https:\/\/gataderaza.com\/wp-content\/uploads\/2025\/08\/Producto-100-Espanol-600x170.png 600w, https:\/\/gataderaza.com\/wp-content\/uploads\/2025\/08\/Producto-100-Espanol-150x43.png 150w\" data-sizes=\"(max-width: 2040px) 100vw, 2040px\" src=\"data:image\/svg+xml;base64,PHN2ZyB3aWR0aD0iMSIgaGVpZ2h0PSIxIiB4bWxucz0iaHR0cDovL3d3dy53My5vcmcvMjAwMC9zdmciPjwvc3ZnPg==\" style=\"--smush-placeholder-width: 2040px; --smush-placeholder-aspect-ratio: 2040\/579;\" \/>\t\t\t\t\t\t\t\t\t\t\t\t\t\t\t<\/div>\n\t\t\t\t<\/div>\n\t\t<div class=\"elementor-element elementor-element-250004f e-con-full e-flex e-con e-child\" data-id=\"250004f\" data-element_type=\"container\">\n\t\t\t\t<div class=\"elementor-element elementor-element-b7c6dfa elementor-widget elementor-widget-image\" data-id=\"b7c6dfa\" data-element_type=\"widget\" data-widget_type=\"image.default\">\n\t\t\t\t\t\t\t\t\t\t\t\t\t\t\t<img decoding=\"async\" width=\"1657\" height=\"174\" data-src=\"https:\/\/gataderaza.com\/wp-content\/uploads\/2025\/08\/Alimentos-de-Espana.png\" class=\"attachment-full size-full wp-image-1150 lazyload\" alt=\"\" data-srcset=\"https:\/\/gataderaza.com\/wp-content\/uploads\/2025\/08\/Alimentos-de-Espana.png 1657w, https:\/\/gataderaza.com\/wp-content\/uploads\/2025\/08\/Alimentos-de-Espana-300x32.png 300w, https:\/\/gataderaza.com\/wp-content\/uploads\/2025\/08\/Alimentos-de-Espana-1024x108.png 1024w, https:\/\/gataderaza.com\/wp-content\/uploads\/2025\/08\/Alimentos-de-Espana-768x81.png 768w, https:\/\/gataderaza.com\/wp-content\/uploads\/2025\/08\/Alimentos-de-Espana-1536x161.png 1536w, https:\/\/gataderaza.com\/wp-content\/uploads\/2025\/08\/Alimentos-de-Espana-600x63.png 600w, https:\/\/gataderaza.com\/wp-content\/uploads\/2025\/08\/Alimentos-de-Espana-150x16.png 150w\" data-sizes=\"(max-width: 1657px) 100vw, 1657px\" src=\"data:image\/svg+xml;base64,PHN2ZyB3aWR0aD0iMSIgaGVpZ2h0PSIxIiB4bWxucz0iaHR0cDovL3d3dy53My5vcmcvMjAwMC9zdmciPjwvc3ZnPg==\" style=\"--smush-placeholder-width: 1657px; --smush-placeholder-aspect-ratio: 1657\/174;\" \/>\t\t\t\t\t\t\t\t\t\t\t\t\t\t\t<\/div>\n\t\t\t\t<\/div>\n\t\t<div class=\"elementor-element elementor-element-127b156 e-con-full e-flex e-con e-child\" data-id=\"127b156\" data-element_type=\"container\">\n\t\t\t\t<div class=\"elementor-element elementor-element-0fbbf05 elementor-widget elementor-widget-image\" data-id=\"0fbbf05\" data-element_type=\"widget\" data-widget_type=\"image.default\">\n\t\t\t\t\t\t\t\t\t\t\t\t\t\t\t<img decoding=\"async\" width=\"1161\" height=\"418\" data-src=\"https:\/\/gataderaza.com\/wp-content\/uploads\/2025\/08\/Tierra-de-Vinedos.png\" class=\"attachment-full size-full wp-image-1151 lazyload\" alt=\"\" data-srcset=\"https:\/\/gataderaza.com\/wp-content\/uploads\/2025\/08\/Tierra-de-Vinedos.png 1161w, https:\/\/gataderaza.com\/wp-content\/uploads\/2025\/08\/Tierra-de-Vinedos-300x108.png 300w, https:\/\/gataderaza.com\/wp-content\/uploads\/2025\/08\/Tierra-de-Vinedos-1024x369.png 1024w, https:\/\/gataderaza.com\/wp-content\/uploads\/2025\/08\/Tierra-de-Vinedos-768x277.png 768w, https:\/\/gataderaza.com\/wp-content\/uploads\/2025\/08\/Tierra-de-Vinedos-600x216.png 600w, https:\/\/gataderaza.com\/wp-content\/uploads\/2025\/08\/Tierra-de-Vinedos-150x54.png 150w\" data-sizes=\"(max-width: 1161px) 100vw, 1161px\" src=\"data:image\/svg+xml;base64,PHN2ZyB3aWR0aD0iMSIgaGVpZ2h0PSIxIiB4bWxucz0iaHR0cDovL3d3dy53My5vcmcvMjAwMC9zdmciPjwvc3ZnPg==\" style=\"--smush-placeholder-width: 1161px; --smush-placeholder-aspect-ratio: 1161\/418;\" \/>\t\t\t\t\t\t\t\t\t\t\t\t\t\t\t<\/div>\n\t\t\t\t<\/div>\n\t\t\t\t\t<\/div>\n\t\t\t\t<\/div>\n\t\t\t\t<\/div>","protected":false},"excerpt":{"rendered":"<p>SoyGata Aqu\u00ed, los que entienden labelleza de lo selecto,encontrar\u00e1n su espejo. Comprar SoyGata Aqu\u00ed, los que entienden labelleza de lo<\/p>","protected":false},"author":1,"featured_media":1011,"parent":0,"menu_order":0,"comment_status":"closed","ping_status":"closed","template":"elementor_header_footer","meta":{"footnotes":""},"class_list":["post-514","page","type-page","status-publish","has-post-thumbnail","hentry"],"_links":{"self":[{"href":"https:\/\/gataderaza.com\/en\/wp-json\/wp\/v2\/pages\/514","targetHints":{"allow":["GET"]}}],"collection":[{"href":"https:\/\/gataderaza.com\/en\/wp-json\/wp\/v2\/pages"}],"about":[{"href":"https:\/\/gataderaza.com\/en\/wp-json\/wp\/v2\/types\/page"}],"author":[{"embeddable":true,"href":"https:\/\/gataderaza.com\/en\/wp-json\/wp\/v2\/users\/1"}],"replies":[{"embeddable":true,"href":"https:\/\/gataderaza.com\/en\/wp-json\/wp\/v2\/comments?post=514"}],"version-history":[{"count":406,"href":"https:\/\/gataderaza.com\/en\/wp-json\/wp\/v2\/pages\/514\/revisions"}],"predecessor-version":[{"id":1533,"href":"https:\/\/gataderaza.com\/en\/wp-json\/wp\/v2\/pages\/514\/revisions\/1533"}],"wp:featuredmedia":[{"embeddable":true,"href":"https:\/\/gataderaza.com\/en\/wp-json\/wp\/v2\/media\/1011"}],"wp:attachment":[{"href":"https:\/\/gataderaza.com\/en\/wp-json\/wp\/v2\/media?parent=514"}],"curies":[{"name":"wp","href":"https:\/\/api.w.org\/{rel}","templated":true}]}}